{"id":154,"date":"2023-10-09T08:16:04","date_gmt":"2023-10-09T08:16:04","guid":{"rendered":"https:\/\/bicyclesphoenix.com\/?page_id=154"},"modified":"2023-10-09T08:19:28","modified_gmt":"2023-10-09T08:19:28","slug":"author-bio-raffie-flow","status":"publish","type":"page","link":"https:\/\/bicyclesphoenix.com\/sv\/author-bio-raffie-flow\/","title":{"rendered":"F\u00f6rfattarbiografi: Raffie Flow"},"content":{"rendered":"\n<p>Raffie Flow \u00e4r en h\u00e4ngiven sportentusiast och en framst\u00e5ende f\u00f6rfattare p\u00e5 bicyclesphoenix.com, d\u00e4r tv\u00e5 av hans st\u00f6rsta passioner, cykelt\u00e4vlingar och sportspel, sammanstr\u00e5lar. Med en o\u00f6vertr\u00e4ffad passion f\u00f6r cykelv\u00e4rlden och ett skarpt \u00f6ga f\u00f6r den dynamiska v\u00e4rlden av sportspel, f\u00e5ngar Raffie sina l\u00e4sare med underh\u00e5llande och upplysande inneh\u00e5ll.<\/p>\n\n\n\n<h3 class=\"wp-block-heading\">Om Raffie<\/h3>\n\n\n\n<p>Raffie Flows resa inom sportjournalistik b\u00f6rjade i ung \u00e5lder, drivet av en outtr\u00f6ttlig fascination f\u00f6r den adrenalinfyllda v\u00e4rlden av cykelt\u00e4vlingar. Hans outtr\u00f6ttliga t\u00f6rst efter kunskap och hans passion f\u00f6r t\u00e4vlingscykling har gjort honom till en framst\u00e5ende r\u00f6st inom cykelgemenskapen.<\/p>\n\n\n\n<p>Som en erfaren f\u00f6rfattare har Raffie t\u00e4ckt en bred skala av \u00e4mnen, fr\u00e5n djupg\u00e5ende analyser av prestigefyllda cykelsportevenemang till expertinsikter i de komplexa aspekterna av sportspel. Hans artiklar blandar smidigt sp\u00e4nningen i sport med de strategiska nyanserna av vadslagning, vilket ger hans l\u00e4sare en unik och engagerande perspektiv.<\/p>\n\n\n\n<h3 class=\"wp-block-heading\">Raffies Unika Perspektiv<\/h3>\n\n\n\n<p>Det som skiljer Raffie \u00e5t \u00e4r hans f\u00f6rm\u00e5ga att \u00f6verbrygga klyftan mellan den fysiska aspekten av cykling och de strategiska nyanserna av sportspel. Hans artiklar tar inte bara l\u00e4sarna n\u00e4rmare den hj\u00e4rtklappande cykelactionen, utan erbjuder \u00e4ven v\u00e4rdefulla tips och strategier f\u00f6r dem som vill g\u00f6ra informerade vadslagningar p\u00e5 sina favoritidrottare och lag.<\/p>\n\n\n\n<p>Raffie Flows arbete handlar inte bara om underh\u00e5llning; det handlar om att ge sin publik kunskap. Hans f\u00e4ngslande ber\u00e4ttelser och insiktsfulla analyser g\u00f6r sport- och vadslagningsv\u00e4rlden tillg\u00e4nglig b\u00e5de f\u00f6r nyb\u00f6rjare och erfarna entusiaster.<\/p>\n\n\n\n<h3 class=\"wp-block-heading\">Kontakta Raffie<\/h3>\n\n\n\n<ul class=\"wp-block-list\">\n<li><strong>Webbplats:<\/strong> <a href=\"https:\/\/bicyclesphoenix.com\/\">bicyclesphoenix.com<\/a><\/li>\n\n\n\n<li><strong>E-post:<\/strong> <a href=\"mailto:raffie.flow@bicyclesphoenix.com\">raffie.flow@bicyclesphoenix.com<\/a><\/li>\n<\/ul>\n\n\n\n<p>Raffie Flow&#8217;s artiklar p\u00e5 bicyclesphoenix.com \u00e4r ett vittnesm\u00e5l om hans of\u00f6rtr\u00f6ttliga engagemang f\u00f6r sina passioner och hans \u00e5tagande att erbjuda l\u00e4sarna en sp\u00e4nnande resa genom cykel- och sportspelens sp\u00e4nnande v\u00e4rldar.<\/p>\n","protected":false},"excerpt":{"rendered":"<p>Raffie Flow \u00e4r en h\u00e4ngiven sportentusiast och en framst\u00e5ende f\u00f6rfattare p\u00e5 bicyclesphoenix.com, d\u00e4r tv\u00e5 av hans st\u00f6rsta passioner, cykelt\u00e4vlingar och sportspel, sammanstr\u00e5lar. Med en o\u00f6vertr\u00e4ffad passion f\u00f6r cykelv\u00e4rlden och ett skarpt \u00f6ga f\u00f6r den dynamiska v\u00e4rlden av sportspel, f\u00e5ngar Raffie sina l\u00e4sare med underh\u00e5llande och upplysande inneh\u00e5ll. Om Raffie Raffie Flows resa inom sportjournalistik b\u00f6rjade&hellip; <a class=\"more-link\" href=\"https:\/\/bicyclesphoenix.com\/sv\/author-bio-raffie-flow\/\">Forts\u00e4tt l\u00e4sa <span class=\"screen-reader-text\">F\u00f6rfattarbiografi: Raffie Flow<\/span><\/a><\/p>\n","protected":false},"author":1,"featured_media":155,"parent":0,"menu_order":0,"comment_status":"closed","ping_status":"closed","template":"","meta":{"footnotes":""},"class_list":["post-154","page","type-page","status-publish","has-post-thumbnail","hentry","entry"],"translation":{"provider":"WPGlobus","version":"3.0.2","language":"sv","enabled_languages":["en","es","de","fr","br","sv","pl","ru"],"languages":{"en":{"title":true,"content":true,"excerpt":false},"es":{"title":true,"content":true,"excerpt":false},"de":{"title":true,"content":true,"excerpt":false},"fr":{"title":true,"content":true,"excerpt":false},"br":{"title":true,"content":true,"excerpt":false},"sv":{"title":true,"content":true,"excerpt":false},"pl":{"title":false,"content":false,"excerpt":false},"ru":{"title":false,"content":false,"excerpt":false}}},"_links":{"self":[{"href":"https:\/\/bicyclesphoenix.com\/sv\/wp-json\/wp\/v2\/pages\/154","targetHints":{"allow":["GET"]}}],"collection":[{"href":"https:\/\/bicyclesphoenix.com\/sv\/wp-json\/wp\/v2\/pages"}],"about":[{"href":"https:\/\/bicyclesphoenix.com\/sv\/wp-json\/wp\/v2\/types\/page"}],"author":[{"embeddable":true,"href":"https:\/\/bicyclesphoenix.com\/sv\/wp-json\/wp\/v2\/users\/1"}],"replies":[{"embeddable":true,"href":"https:\/\/bicyclesphoenix.com\/sv\/wp-json\/wp\/v2\/comments?post=154"}],"version-history":[{"count":6,"href":"https:\/\/bicyclesphoenix.com\/sv\/wp-json\/wp\/v2\/pages\/154\/revisions"}],"predecessor-version":[{"id":161,"href":"https:\/\/bicyclesphoenix.com\/sv\/wp-json\/wp\/v2\/pages\/154\/revisions\/161"}],"wp:featuredmedia":[{"embeddable":true,"href":"https:\/\/bicyclesphoenix.com\/sv\/wp-json\/wp\/v2\/media\/155"}],"wp:attachment":[{"href":"https:\/\/bicyclesphoenix.com\/sv\/wp-json\/wp\/v2\/media?parent=154"}],"curies":[{"name":"wp","href":"https:\/\/api.w.org\/{rel}","templated":true}]}}