{"id":154,"date":"2023-10-09T08:16:04","date_gmt":"2023-10-09T08:16:04","guid":{"rendered":"https:\/\/bicyclesphoenix.com\/?page_id=154"},"modified":"2023-10-09T08:19:28","modified_gmt":"2023-10-09T08:19:28","slug":"author-bio-raffie-flow","status":"publish","type":"page","link":"https:\/\/bicyclesphoenix.com\/fr\/author-bio-raffie-flow\/","title":{"rendered":"Biographie de l&#8217;Auteur : Raffie Flow"},"content":{"rendered":"\n<p>Raffie Flow est un passionn\u00e9 de sport d\u00e9vou\u00e9 et un \u00e9crivain de renom sur bicyclesphoenix.com, o\u00f9 deux de ses plus grandes passions, les courses de v\u00e9lo et les paris sportifs, se rejoignent. Avec un z\u00e8le in\u00e9gal\u00e9 pour le monde du cyclisme et un \u0153il aiguis\u00e9 pour le domaine dynamique des paris sportifs, Raffie captive ses lecteurs avec un contenu divertissant et instructif.<\/p>\n\n\n\n<h3 class=\"wp-block-heading\">\u00c0 Propos de Raffie<\/h3>\n\n\n\n<p>Le parcours de Raffie Flow dans le monde du journalisme sportif a commenc\u00e9 \u00e0 un jeune \u00e2ge, aliment\u00e9 par une fascination in\u00e9branlable pour le monde palpitant de la course cycliste. Sa soif inextinguible de connaissances et sa passion pour le cyclisme comp\u00e9titif l&#8217;ont conduit \u00e0 devenir une voix distingu\u00e9e au sein de la communaut\u00e9 cycliste.<\/p>\n\n\n\n<p>En tant qu&#8217;\u00e9crivain chevronn\u00e9, Raffie a couvert un large \u00e9ventail de sujets, de analyses approfondies des prestigieux \u00e9v\u00e9nements cyclistes \u00e0 des insights experts dans l&#8217;art complexe des paris sportifs. Ses articles combinent de mani\u00e8re transparente l&#8217;excitation du sport avec les subtilit\u00e9s strat\u00e9giques des paris, offrant \u00e0 ses lecteurs une perspective unique et captivante.<\/p>\n\n\n\n<h3 class=\"wp-block-heading\">La Perspective Unique de Raffie<\/h3>\n\n\n\n<p>Ce qui distingue Raffie, c&#8217;est sa capacit\u00e9 \u00e0 combler le foss\u00e9 entre la dimension physique du cyclisme et les nuances strat\u00e9giques des paris sportifs. Ses articles rapprochent non seulement les lecteurs de l&#8217;action palpitante des courses de v\u00e9lo, mais offrent \u00e9galement des conseils et des strat\u00e9gies pr\u00e9cieuses pour ceux qui souhaitent faire des paris \u00e9clair\u00e9s sur leurs athl\u00e8tes et \u00e9quipes pr\u00e9f\u00e9r\u00e9s.<\/p>\n\n\n\n<p>Le travail de Raffie Flow ne se limite pas au divertissement ; il s&#8217;agit d&#8217;autonomiser son public avec des connaissances. Ses r\u00e9cits captivants et ses analyses perspicaces rendent le monde du sport et des paris accessible tant aux novices qu&#8217;aux passionn\u00e9s chevronn\u00e9s.<\/p>\n\n\n\n<h3 class=\"wp-block-heading\">Connectez-vous avec Raffie<\/h3>\n\n\n\n<ul class=\"wp-block-list\">\n<li><strong>Site Web :<\/strong> <a href=\"https:\/\/bicyclesphoenix.com\/\">bicyclesphoenix.com<\/a><\/li>\n\n\n\n<li><strong>E-mail :<\/strong> <a href=\"mailto:raffie.flow@bicyclesphoenix.com\">raffie.flow@bicyclesphoenix.com<\/a><\/li>\n<\/ul>\n\n\n\n<p>Les articles de Raffie Flow sur bicyclesphoenix.com t\u00e9moignent de son d\u00e9vouement in\u00e9branlable \u00e0 ses passions et de son engagement \u00e0 offrir aux lecteurs un voyage palpitant \u00e0 travers les mondes passionnants du cyclisme et des paris sportifs.<\/p>\n","protected":false},"excerpt":{"rendered":"<p>Raffie Flow est un passionn\u00e9 de sport d\u00e9vou\u00e9 et un \u00e9crivain de renom sur bicyclesphoenix.com, o\u00f9 deux de ses plus grandes passions, les courses de v\u00e9lo et les paris sportifs, se rejoignent. Avec un z\u00e8le in\u00e9gal\u00e9 pour le monde du cyclisme et un \u0153il aiguis\u00e9 pour le domaine dynamique des paris sportifs, Raffie captive ses&hellip; <a class=\"more-link\" href=\"https:\/\/bicyclesphoenix.com\/fr\/author-bio-raffie-flow\/\">Continue reading <span class=\"screen-reader-text\">Biographie de l&#8217;Auteur : Raffie Flow<\/span><\/a><\/p>\n","protected":false},"author":1,"featured_media":155,"parent":0,"menu_order":0,"comment_status":"closed","ping_status":"closed","template":"","meta":{"footnotes":""},"class_list":["post-154","page","type-page","status-publish","has-post-thumbnail","hentry","entry"],"translation":{"provider":"WPGlobus","version":"3.0.2","language":"fr","enabled_languages":["en","es","de","fr","br","sv","pl","ru"],"languages":{"en":{"title":true,"content":true,"excerpt":false},"es":{"title":true,"content":true,"excerpt":false},"de":{"title":true,"content":true,"excerpt":false},"fr":{"title":true,"content":true,"excerpt":false},"br":{"title":true,"content":true,"excerpt":false},"sv":{"title":true,"content":true,"excerpt":false},"pl":{"title":false,"content":false,"excerpt":false},"ru":{"title":false,"content":false,"excerpt":false}}},"_links":{"self":[{"href":"https:\/\/bicyclesphoenix.com\/fr\/wp-json\/wp\/v2\/pages\/154","targetHints":{"allow":["GET"]}}],"collection":[{"href":"https:\/\/bicyclesphoenix.com\/fr\/wp-json\/wp\/v2\/pages"}],"about":[{"href":"https:\/\/bicyclesphoenix.com\/fr\/wp-json\/wp\/v2\/types\/page"}],"author":[{"embeddable":true,"href":"https:\/\/bicyclesphoenix.com\/fr\/wp-json\/wp\/v2\/users\/1"}],"replies":[{"embeddable":true,"href":"https:\/\/bicyclesphoenix.com\/fr\/wp-json\/wp\/v2\/comments?post=154"}],"version-history":[{"count":6,"href":"https:\/\/bicyclesphoenix.com\/fr\/wp-json\/wp\/v2\/pages\/154\/revisions"}],"predecessor-version":[{"id":161,"href":"https:\/\/bicyclesphoenix.com\/fr\/wp-json\/wp\/v2\/pages\/154\/revisions\/161"}],"wp:featuredmedia":[{"embeddable":true,"href":"https:\/\/bicyclesphoenix.com\/fr\/wp-json\/wp\/v2\/media\/155"}],"wp:attachment":[{"href":"https:\/\/bicyclesphoenix.com\/fr\/wp-json\/wp\/v2\/media?parent=154"}],"curies":[{"name":"wp","href":"https:\/\/api.w.org\/{rel}","templated":true}]}}