{"id":154,"date":"2023-10-09T08:16:04","date_gmt":"2023-10-09T08:16:04","guid":{"rendered":"https:\/\/bicyclesphoenix.com\/?page_id=154"},"modified":"2023-10-09T08:19:28","modified_gmt":"2023-10-09T08:19:28","slug":"author-bio-raffie-flow","status":"publish","type":"page","link":"https:\/\/bicyclesphoenix.com\/de\/author-bio-raffie-flow\/","title":{"rendered":"Autorenbiografie: Raffie Flow"},"content":{"rendered":"\n<p>Raffie Flow ist ein engagierter Sportenthusiast und ein prominenter Autor auf bicyclesphoenix.com, wo sich zwei seiner gr\u00f6\u00dften Leidenschaften, Fahrradrennen und Sportwetten, vereinen. Mit einer beispiellosen Begeisterung f\u00fcr die Welt des Radsports und einem geschulten Auge f\u00fcr die dynamische Welt der Sportwetten fesselt Raffie seine Leser mit unterhaltsamen und aufschlussreichen Inhalten.<\/p>\n\n\n\n<h3 class=\"wp-block-heading\">\u00dcber Raffie<\/h3>\n\n\n\n<p>Raffie Flows Reise in die Welt des Sportjournalismus begann in jungen Jahren, angetrieben von einer unbeirrbaren Faszination f\u00fcr die adrenalinspendende Welt des Radsports. Sein unstillbarer Wissensdurst und seine Leidenschaft f\u00fcr den Wettkampfradsport machten ihn zu einer angesehenen Stimme in der Radsportgemeinschaft.<\/p>\n\n\n\n<p>Als erfahrener Autor hat Raffie eine breite Palette von Themen behandelt, von tiefgreifenden Analysen renommierter Radsportveranstaltungen bis hin zu Experteneinblicken in die komplizierte Welt der Sportwetten. Seine Artikel verbinden nahtlos die Aufregung des Sports mit den strategischen Feinheiten des Wettens und bieten seinen Lesern eine einzigartige und fesselnde Perspektive.<\/p>\n\n\n\n<h3 class=\"wp-block-heading\">Raffies Einzigartige Perspektive<\/h3>\n\n\n\n<p>Was Raffie auszeichnet, ist seine F\u00e4higkeit, die L\u00fccke zwischen der K\u00f6rperlichkeit des Radfahrens und den strategischen Feinheiten der Sportwetten zu \u00fcberbr\u00fccken. Seine Artikel bringen die Leser nicht nur n\u00e4her an das nervenaufreibende Geschehen der Fahrradrennen heran, sondern bieten auch wertvolle Tipps und Strategien f\u00fcr diejenigen, die informierte Wetten auf ihre Lieblingsathleten und Teams abschlie\u00dfen m\u00f6chten.<\/p>\n\n\n\n<p>Raffie Flows Arbeit geht nicht nur um Unterhaltung; sie geht darum, sein Publikum mit Wissen zu bef\u00e4higen. Seine fesselnden Erz\u00e4hlungen und aufschlussreichen Analysen machen die Welt des Sports und des Wettens sowohl f\u00fcr Neulinge als auch f\u00fcr erfahrene Enthusiasten zug\u00e4nglich.<\/p>\n\n\n\n<h3 class=\"wp-block-heading\">Verbindung mit Raffie<\/h3>\n\n\n\n<ul class=\"wp-block-list\">\n<li><strong>Website:<\/strong> <a href=\"https:\/\/bicyclesphoenix.com\/\">bicyclesphoenix.com<\/a><\/li>\n\n\n\n<li><strong>E-Mail:<\/strong> <a href=\"mailto:raffie.flow@bicyclesphoenix.com\">raffie.flow@bicyclesphoenix.com<\/a><\/li>\n<\/ul>\n\n\n\n<p>Die Artikel von Raffie Flow auf bicyclesphoenix.com sind ein Zeugnis seiner unerm\u00fcdlichen Hingabe zu seinen Leidenschaften und seinem Engagement, den Lesern eine aufregende Reise durch die faszinierenden Welten des Radsports und der Sportwetten zu bieten.<\/p>\n","protected":false},"excerpt":{"rendered":"<p>Raffie Flow ist ein engagierter Sportenthusiast und ein prominenter Autor auf bicyclesphoenix.com, wo sich zwei seiner gr\u00f6\u00dften Leidenschaften, Fahrradrennen und Sportwetten, vereinen. Mit einer beispiellosen Begeisterung f\u00fcr die Welt des Radsports und einem geschulten Auge f\u00fcr die dynamische Welt der Sportwetten fesselt Raffie seine Leser mit unterhaltsamen und aufschlussreichen Inhalten. \u00dcber Raffie Raffie Flows Reise&hellip; <a class=\"more-link\" href=\"https:\/\/bicyclesphoenix.com\/de\/author-bio-raffie-flow\/\">Continue reading <span class=\"screen-reader-text\">Autorenbiografie: Raffie Flow<\/span><\/a><\/p>\n","protected":false},"author":1,"featured_media":155,"parent":0,"menu_order":0,"comment_status":"closed","ping_status":"closed","template":"","meta":{"footnotes":""},"class_list":["post-154","page","type-page","status-publish","has-post-thumbnail","hentry","entry"],"translation":{"provider":"WPGlobus","version":"3.0.2","language":"de","enabled_languages":["en","es","de","fr","br","sv","pl","ru"],"languages":{"en":{"title":true,"content":true,"excerpt":false},"es":{"title":true,"content":true,"excerpt":false},"de":{"title":true,"content":true,"excerpt":false},"fr":{"title":true,"content":true,"excerpt":false},"br":{"title":true,"content":true,"excerpt":false},"sv":{"title":true,"content":true,"excerpt":false},"pl":{"title":false,"content":false,"excerpt":false},"ru":{"title":false,"content":false,"excerpt":false}}},"_links":{"self":[{"href":"https:\/\/bicyclesphoenix.com\/de\/wp-json\/wp\/v2\/pages\/154","targetHints":{"allow":["GET"]}}],"collection":[{"href":"https:\/\/bicyclesphoenix.com\/de\/wp-json\/wp\/v2\/pages"}],"about":[{"href":"https:\/\/bicyclesphoenix.com\/de\/wp-json\/wp\/v2\/types\/page"}],"author":[{"embeddable":true,"href":"https:\/\/bicyclesphoenix.com\/de\/wp-json\/wp\/v2\/users\/1"}],"replies":[{"embeddable":true,"href":"https:\/\/bicyclesphoenix.com\/de\/wp-json\/wp\/v2\/comments?post=154"}],"version-history":[{"count":6,"href":"https:\/\/bicyclesphoenix.com\/de\/wp-json\/wp\/v2\/pages\/154\/revisions"}],"predecessor-version":[{"id":161,"href":"https:\/\/bicyclesphoenix.com\/de\/wp-json\/wp\/v2\/pages\/154\/revisions\/161"}],"wp:featuredmedia":[{"embeddable":true,"href":"https:\/\/bicyclesphoenix.com\/de\/wp-json\/wp\/v2\/media\/155"}],"wp:attachment":[{"href":"https:\/\/bicyclesphoenix.com\/de\/wp-json\/wp\/v2\/media?parent=154"}],"curies":[{"name":"wp","href":"https:\/\/api.w.org\/{rel}","templated":true}]}}